{"id":34,"date":"2023-08-29T15:40:59","date_gmt":"2023-08-29T13:40:59","guid":{"rendered":"https:\/\/pleine-conscience-la-cote-saint-andre.fr\/?page_id=34"},"modified":"2024-08-31T11:39:20","modified_gmt":"2024-08-31T09:39:20","slug":"modalites-pratiques","status":"publish","type":"page","link":"https:\/\/pleine-conscience-la-cote-saint-andre.fr\/?page_id=34","title":{"rendered":"Modalit\u00e9s"},"content":{"rendered":"\n<h1 class=\"wp-block-heading\"><strong>Informations pratiques<\/strong><\/h1>\n\n\n\n<p>La C\u00f4te-Saint-Andr\u00e9, jeudi de 19h \u00e0 20h30<\/p>\n\n\n\n<p>2 s\u00e9ances de d\u00e9couverte gratuites&nbsp;<\/p>\n\n\n\n<p>Tarif \u00e0 l&rsquo;ann\u00e9e : 160\u20ac.<\/p>\n\n\n\n<h1 class=\"wp-block-heading\"><strong>G\u00e9r\u00e9 par Association Empreintes qui reverse ses b\u00e9n\u00e9fices \u00e0 Action Contre la Faim.<\/strong><\/h1>\n\n\n\n<p>Contact : 06 86 83 57 83  \/  <a href=\"mailto:associationempreintes38@gmail.com\">associationempreintes38@gmail.com<\/a><\/p>\n\n\n<div class=\"wp-block-image\">\n<figure class=\"alignleft size-large is-resized\"><img loading=\"lazy\" decoding=\"async\" width=\"1024\" height=\"853\" src=\"https:\/\/pleine-conscience-la-cote-saint-andre.fr\/wp-content\/uploads\/2023\/09\/logo-1024x853.jpg\" alt=\"\" class=\"wp-image-113\" style=\"width:313px;height:261px\" srcset=\"https:\/\/pleine-conscience-la-cote-saint-andre.fr\/wp-content\/uploads\/2023\/09\/logo-1024x853.jpg 1024w, https:\/\/pleine-conscience-la-cote-saint-andre.fr\/wp-content\/uploads\/2023\/09\/logo-300x250.jpg 300w, https:\/\/pleine-conscience-la-cote-saint-andre.fr\/wp-content\/uploads\/2023\/09\/logo-768x640.jpg 768w, https:\/\/pleine-conscience-la-cote-saint-andre.fr\/wp-content\/uploads\/2023\/09\/logo-1536x1280.jpg 1536w, https:\/\/pleine-conscience-la-cote-saint-andre.fr\/wp-content\/uploads\/2023\/09\/logo.jpg 1908w\" sizes=\"auto, (max-width: 767px) 89vw, (max-width: 1000px) 54vw, (max-width: 1071px) 543px, 580px\" \/><\/figure>\n<\/div>\n\n<div class=\"wp-block-image\">\n<figure class=\"alignright size-large is-resized\"><img loading=\"lazy\" decoding=\"async\" width=\"1024\" height=\"763\" src=\"https:\/\/pleine-conscience-la-cote-saint-andre.fr\/wp-content\/uploads\/2023\/09\/Logo-ACF-2017-1024x763.jpg\" alt=\"\" class=\"wp-image-116\" style=\"width:286px;height:213px\" srcset=\"https:\/\/pleine-conscience-la-cote-saint-andre.fr\/wp-content\/uploads\/2023\/09\/Logo-ACF-2017-1024x763.jpg 1024w, https:\/\/pleine-conscience-la-cote-saint-andre.fr\/wp-content\/uploads\/2023\/09\/Logo-ACF-2017-300x224.jpg 300w, https:\/\/pleine-conscience-la-cote-saint-andre.fr\/wp-content\/uploads\/2023\/09\/Logo-ACF-2017-768x572.jpg 768w, https:\/\/pleine-conscience-la-cote-saint-andre.fr\/wp-content\/uploads\/2023\/09\/Logo-ACF-2017-1536x1145.jpg 1536w, https:\/\/pleine-conscience-la-cote-saint-andre.fr\/wp-content\/uploads\/2023\/09\/Logo-ACF-2017-2048x1527.jpg 2048w\" sizes=\"auto, (max-width: 767px) 89vw, (max-width: 1000px) 54vw, (max-width: 1071px) 543px, 580px\" \/><\/figure>\n<\/div>","protected":false},"excerpt":{"rendered":"<p>Informations pratiques La C\u00f4te-Saint-Andr\u00e9, jeudi de 19h \u00e0 20h30 2 s\u00e9ances de d\u00e9couverte gratuites&nbsp; Tarif \u00e0 l&rsquo;ann\u00e9e : 160\u20ac. G\u00e9r\u00e9 par Association Empreintes qui reverse ses b\u00e9n\u00e9fices \u00e0 Action Contre la Faim. Contact : 06 86 83 57 83 \/ associationempreintes38@gmail.com<\/p>\n","protected":false},"author":1,"featured_media":0,"parent":0,"menu_order":0,"comment_status":"closed","ping_status":"closed","template":"","meta":{"footnotes":""},"class_list":["post-34","page","type-page","status-publish","hentry"],"yoast_head":"<!-- This site is optimized with the Yoast SEO plugin v23.3 - https:\/\/yoast.com\/wordpress\/plugins\/seo\/ -->\n<title>Modalit\u00e9s - Espace d&#039;activit\u00e9s de pleine conscience<\/title>\n<meta name=\"robots\" content=\"index, follow, max-snippet:-1, max-image-preview:large, max-video-preview:-1\" \/>\n<link rel=\"canonical\" href=\"https:\/\/pleine-conscience-la-cote-saint-andre.fr\/?page_id=34\" \/>\n<meta property=\"og:locale\" content=\"fr_FR\" \/>\n<meta property=\"og:type\" content=\"article\" \/>\n<meta property=\"og:title\" content=\"Modalit\u00e9s - Espace d&#039;activit\u00e9s de pleine conscience\" \/>\n<meta property=\"og:description\" content=\"Informations pratiques La C\u00f4te-Saint-Andr\u00e9, jeudi de 19h \u00e0 20h30 2 s\u00e9ances de d\u00e9couverte gratuites&nbsp; Tarif \u00e0 l&rsquo;ann\u00e9e : 160\u20ac. G\u00e9r\u00e9 par Association Empreintes qui reverse ses b\u00e9n\u00e9fices \u00e0 Action Contre la Faim. Contact : 06 86 83 57 83 \/ associationempreintes38@gmail.com\" \/>\n<meta property=\"og:url\" content=\"https:\/\/pleine-conscience-la-cote-saint-andre.fr\/?page_id=34\" \/>\n<meta property=\"og:site_name\" content=\"Espace d&#039;activit\u00e9s de pleine conscience\" \/>\n<meta property=\"article:publisher\" content=\"https:\/\/www.facebook.com\/profile.php?id=100076196140810\" \/>\n<meta property=\"article:modified_time\" content=\"2024-08-31T09:39:20+00:00\" \/>\n<meta property=\"og:image\" content=\"https:\/\/pleine-conscience-la-cote-saint-andre.fr\/wp-content\/uploads\/2023\/09\/logo-1024x853.jpg\" \/>\n<meta name=\"twitter:card\" content=\"summary_large_image\" \/>\n<meta name=\"twitter:label1\" content=\"Dur\u00e9e de lecture estim\u00e9e\" \/>\n\t<meta name=\"twitter:data1\" content=\"1 minute\" \/>\n<script type=\"application\/ld+json\" class=\"yoast-schema-graph\">{\"@context\":\"https:\/\/schema.org\",\"@graph\":[{\"@type\":\"WebPage\",\"@id\":\"https:\/\/pleine-conscience-la-cote-saint-andre.fr\/?page_id=34\",\"url\":\"https:\/\/pleine-conscience-la-cote-saint-andre.fr\/?page_id=34\",\"name\":\"Modalit\u00e9s - Espace d&#039;activit\u00e9s de pleine conscience\",\"isPartOf\":{\"@id\":\"https:\/\/pleine-conscience-la-cote-saint-andre.fr\/#website\"},\"primaryImageOfPage\":{\"@id\":\"https:\/\/pleine-conscience-la-cote-saint-andre.fr\/?page_id=34#primaryimage\"},\"image\":{\"@id\":\"https:\/\/pleine-conscience-la-cote-saint-andre.fr\/?page_id=34#primaryimage\"},\"thumbnailUrl\":\"https:\/\/pleine-conscience-la-cote-saint-andre.fr\/wp-content\/uploads\/2023\/09\/logo-1024x853.jpg\",\"datePublished\":\"2023-08-29T13:40:59+00:00\",\"dateModified\":\"2024-08-31T09:39:20+00:00\",\"breadcrumb\":{\"@id\":\"https:\/\/pleine-conscience-la-cote-saint-andre.fr\/?page_id=34#breadcrumb\"},\"inLanguage\":\"fr-FR\",\"potentialAction\":[{\"@type\":\"ReadAction\",\"target\":[\"https:\/\/pleine-conscience-la-cote-saint-andre.fr\/?page_id=34\"]}]},{\"@type\":\"ImageObject\",\"inLanguage\":\"fr-FR\",\"@id\":\"https:\/\/pleine-conscience-la-cote-saint-andre.fr\/?page_id=34#primaryimage\",\"url\":\"https:\/\/pleine-conscience-la-cote-saint-andre.fr\/wp-content\/uploads\/2023\/09\/logo-1024x853.jpg\",\"contentUrl\":\"https:\/\/pleine-conscience-la-cote-saint-andre.fr\/wp-content\/uploads\/2023\/09\/logo-1024x853.jpg\"},{\"@type\":\"BreadcrumbList\",\"@id\":\"https:\/\/pleine-conscience-la-cote-saint-andre.fr\/?page_id=34#breadcrumb\",\"itemListElement\":[{\"@type\":\"ListItem\",\"position\":1,\"name\":\"Accueil\",\"item\":\"https:\/\/pleine-conscience-la-cote-saint-andre.fr\/\"},{\"@type\":\"ListItem\",\"position\":2,\"name\":\"Modalit\u00e9s\"}]},{\"@type\":\"WebSite\",\"@id\":\"https:\/\/pleine-conscience-la-cote-saint-andre.fr\/#website\",\"url\":\"https:\/\/pleine-conscience-la-cote-saint-andre.fr\/\",\"name\":\"pleine conscience la cote saint andre\",\"description\":\"La C\u00f4te Saint Andr\u00e9\",\"publisher\":{\"@id\":\"https:\/\/pleine-conscience-la-cote-saint-andre.fr\/#organization\"},\"potentialAction\":[{\"@type\":\"SearchAction\",\"target\":{\"@type\":\"EntryPoint\",\"urlTemplate\":\"https:\/\/pleine-conscience-la-cote-saint-andre.fr\/?s={search_term_string}\"},\"query-input\":\"required name=search_term_string\"}],\"inLanguage\":\"fr-FR\"},{\"@type\":\"Organization\",\"@id\":\"https:\/\/pleine-conscience-la-cote-saint-andre.fr\/#organization\",\"name\":\"association Empreintes\",\"url\":\"https:\/\/pleine-conscience-la-cote-saint-andre.fr\/\",\"logo\":{\"@type\":\"ImageObject\",\"inLanguage\":\"fr-FR\",\"@id\":\"https:\/\/pleine-conscience-la-cote-saint-andre.fr\/#\/schema\/logo\/image\/\",\"url\":\"https:\/\/pleine-conscience-la-cote-saint-andre.fr\/wp-content\/uploads\/2023\/08\/logo-reduit.jpg\",\"contentUrl\":\"https:\/\/pleine-conscience-la-cote-saint-andre.fr\/wp-content\/uploads\/2023\/08\/logo-reduit.jpg\",\"width\":340,\"height\":97,\"caption\":\"association Empreintes\"},\"image\":{\"@id\":\"https:\/\/pleine-conscience-la-cote-saint-andre.fr\/#\/schema\/logo\/image\/\"},\"sameAs\":[\"https:\/\/www.facebook.com\/profile.php?id=100076196140810\"]}]}<\/script>\n<!-- \/ Yoast SEO plugin. -->","yoast_head_json":{"title":"Modalit\u00e9s - Espace d&#039;activit\u00e9s de pleine conscience","robots":{"index":"index","follow":"follow","max-snippet":"max-snippet:-1","max-image-preview":"max-image-preview:large","max-video-preview":"max-video-preview:-1"},"canonical":"https:\/\/pleine-conscience-la-cote-saint-andre.fr\/?page_id=34","og_locale":"fr_FR","og_type":"article","og_title":"Modalit\u00e9s - Espace d&#039;activit\u00e9s de pleine conscience","og_description":"Informations pratiques La C\u00f4te-Saint-Andr\u00e9, jeudi de 19h \u00e0 20h30 2 s\u00e9ances de d\u00e9couverte gratuites&nbsp; Tarif \u00e0 l&rsquo;ann\u00e9e : 160\u20ac. G\u00e9r\u00e9 par Association Empreintes qui reverse ses b\u00e9n\u00e9fices \u00e0 Action Contre la Faim. Contact : 06 86 83 57 83 \/ associationempreintes38@gmail.com","og_url":"https:\/\/pleine-conscience-la-cote-saint-andre.fr\/?page_id=34","og_site_name":"Espace d&#039;activit\u00e9s de pleine conscience","article_publisher":"https:\/\/www.facebook.com\/profile.php?id=100076196140810","article_modified_time":"2024-08-31T09:39:20+00:00","og_image":[{"url":"https:\/\/pleine-conscience-la-cote-saint-andre.fr\/wp-content\/uploads\/2023\/09\/logo-1024x853.jpg"}],"twitter_card":"summary_large_image","twitter_misc":{"Dur\u00e9e de lecture estim\u00e9e":"1 minute"},"schema":{"@context":"https:\/\/schema.org","@graph":[{"@type":"WebPage","@id":"https:\/\/pleine-conscience-la-cote-saint-andre.fr\/?page_id=34","url":"https:\/\/pleine-conscience-la-cote-saint-andre.fr\/?page_id=34","name":"Modalit\u00e9s - Espace d&#039;activit\u00e9s de pleine conscience","isPartOf":{"@id":"https:\/\/pleine-conscience-la-cote-saint-andre.fr\/#website"},"primaryImageOfPage":{"@id":"https:\/\/pleine-conscience-la-cote-saint-andre.fr\/?page_id=34#primaryimage"},"image":{"@id":"https:\/\/pleine-conscience-la-cote-saint-andre.fr\/?page_id=34#primaryimage"},"thumbnailUrl":"https:\/\/pleine-conscience-la-cote-saint-andre.fr\/wp-content\/uploads\/2023\/09\/logo-1024x853.jpg","datePublished":"2023-08-29T13:40:59+00:00","dateModified":"2024-08-31T09:39:20+00:00","breadcrumb":{"@id":"https:\/\/pleine-conscience-la-cote-saint-andre.fr\/?page_id=34#breadcrumb"},"inLanguage":"fr-FR","potentialAction":[{"@type":"ReadAction","target":["https:\/\/pleine-conscience-la-cote-saint-andre.fr\/?page_id=34"]}]},{"@type":"ImageObject","inLanguage":"fr-FR","@id":"https:\/\/pleine-conscience-la-cote-saint-andre.fr\/?page_id=34#primaryimage","url":"https:\/\/pleine-conscience-la-cote-saint-andre.fr\/wp-content\/uploads\/2023\/09\/logo-1024x853.jpg","contentUrl":"https:\/\/pleine-conscience-la-cote-saint-andre.fr\/wp-content\/uploads\/2023\/09\/logo-1024x853.jpg"},{"@type":"BreadcrumbList","@id":"https:\/\/pleine-conscience-la-cote-saint-andre.fr\/?page_id=34#breadcrumb","itemListElement":[{"@type":"ListItem","position":1,"name":"Accueil","item":"https:\/\/pleine-conscience-la-cote-saint-andre.fr\/"},{"@type":"ListItem","position":2,"name":"Modalit\u00e9s"}]},{"@type":"WebSite","@id":"https:\/\/pleine-conscience-la-cote-saint-andre.fr\/#website","url":"https:\/\/pleine-conscience-la-cote-saint-andre.fr\/","name":"pleine conscience la cote saint andre","description":"La C\u00f4te Saint Andr\u00e9","publisher":{"@id":"https:\/\/pleine-conscience-la-cote-saint-andre.fr\/#organization"},"potentialAction":[{"@type":"SearchAction","target":{"@type":"EntryPoint","urlTemplate":"https:\/\/pleine-conscience-la-cote-saint-andre.fr\/?s={search_term_string}"},"query-input":"required name=search_term_string"}],"inLanguage":"fr-FR"},{"@type":"Organization","@id":"https:\/\/pleine-conscience-la-cote-saint-andre.fr\/#organization","name":"association Empreintes","url":"https:\/\/pleine-conscience-la-cote-saint-andre.fr\/","logo":{"@type":"ImageObject","inLanguage":"fr-FR","@id":"https:\/\/pleine-conscience-la-cote-saint-andre.fr\/#\/schema\/logo\/image\/","url":"https:\/\/pleine-conscience-la-cote-saint-andre.fr\/wp-content\/uploads\/2023\/08\/logo-reduit.jpg","contentUrl":"https:\/\/pleine-conscience-la-cote-saint-andre.fr\/wp-content\/uploads\/2023\/08\/logo-reduit.jpg","width":340,"height":97,"caption":"association Empreintes"},"image":{"@id":"https:\/\/pleine-conscience-la-cote-saint-andre.fr\/#\/schema\/logo\/image\/"},"sameAs":["https:\/\/www.facebook.com\/profile.php?id=100076196140810"]}]}},"_links":{"self":[{"href":"https:\/\/pleine-conscience-la-cote-saint-andre.fr\/index.php?rest_route=\/wp\/v2\/pages\/34","targetHints":{"allow":["GET"]}}],"collection":[{"href":"https:\/\/pleine-conscience-la-cote-saint-andre.fr\/index.php?rest_route=\/wp\/v2\/pages"}],"about":[{"href":"https:\/\/pleine-conscience-la-cote-saint-andre.fr\/index.php?rest_route=\/wp\/v2\/types\/page"}],"author":[{"embeddable":true,"href":"https:\/\/pleine-conscience-la-cote-saint-andre.fr\/index.php?rest_route=\/wp\/v2\/users\/1"}],"replies":[{"embeddable":true,"href":"https:\/\/pleine-conscience-la-cote-saint-andre.fr\/index.php?rest_route=%2Fwp%2Fv2%2Fcomments&post=34"}],"version-history":[{"count":14,"href":"https:\/\/pleine-conscience-la-cote-saint-andre.fr\/index.php?rest_route=\/wp\/v2\/pages\/34\/revisions"}],"predecessor-version":[{"id":154,"href":"https:\/\/pleine-conscience-la-cote-saint-andre.fr\/index.php?rest_route=\/wp\/v2\/pages\/34\/revisions\/154"}],"wp:attachment":[{"href":"https:\/\/pleine-conscience-la-cote-saint-andre.fr\/index.php?rest_route=%2Fwp%2Fv2%2Fmedia&parent=34"}],"curies":[{"name":"wp","href":"https:\/\/api.w.org\/{rel}","templated":true}]}}